{"id":3,"date":"2025-02-09T18:52:48","date_gmt":"2025-02-09T17:52:48","guid":{"rendered":"http:\/\/festivalduplancton.fr\/?page_id=3"},"modified":"2025-04-07T20:59:32","modified_gmt":"2025-04-07T18:59:32","slug":"politique-de-confidentialite","status":"publish","type":"page","link":"https:\/\/festivalduplancton.fr\/index.php\/politique-de-confidentialite\/","title":{"rendered":"Politique de confidentialit\u00e9"},"content":{"rendered":"\n<div style=\"height:100px\" aria-hidden=\"true\" class=\"wp-block-spacer\"><\/div>\n\n\n\n<h1 class=\"wp-block-heading has-text-align-center\">Politique de confidentialite<\/h1>\n\n\n\n<p class=\"has-text-align-left\"><em>Cette politique de cookies a \u00e9t\u00e9 mise \u00e0 jour pour la derni\u00e8re fois le 7 avril 2025 et s\u2019applique aux citoyens et aux r\u00e9sidents permanents l\u00e9gaux de l\u2019Espace \u00c9conomique Europ\u00e9en et de la Suisse.<\/em><\/p>\n\n\n\n<p>Cette Politique de confidentialit\u00e9 d\u00e9crit les politiques de Missions Citoyennes Oc\u00e9anes (association qui organise le Festival du Plancton), 4 impasse du Sextant, Pays de la Loire 85800, France, email : <a>contact@amaury-guerin.fr<\/a>, concernant la collecte, l&#8217;utilisation et la divulgation de vos informations que nous recueillons lorsque vous utilisez notre site Web (<a href=\"https:\/\/amaury-guerin.fr\/\">https:\/\/festivalduplancton.fr<\/a>) (le &#8220;Service&#8221;). En acc\u00e9dant ou en utilisant le Service, vous consentez \u00e0 la collecte, \u00e0 l&#8217;utilisation et \u00e0 la divulgation de vos informations conform\u00e9ment \u00e0 cette Politique de confidentialit\u00e9. Si vous n&#8217;acceptez pas cela, veuillez ne pas acc\u00e9der ou utiliser le Service.<br><br>Nous pouvons modifier cette Politique de confidentialit\u00e9 \u00e0 tout moment sans pr\u00e9avis et publierons la Politique r\u00e9vis\u00e9e sur le Service. La Politique r\u00e9vis\u00e9e entrera en vigueur 180 jours apr\u00e8s sa publication sur le Service, et votre acc\u00e8s continu ou votre utilisation du Service apr\u00e8s ce d\u00e9lai constitue votre acceptation de la Politique de confidentialit\u00e9 r\u00e9vis\u00e9e. Nous vous recommandons donc de consulter p\u00e9riodiquement cette page.<\/p>\n\n\n\n<h2 class=\"wp-block-heading\">Vos droits<\/h2>\n\n\n\n<p>Selon la loi applicable, vous pouvez avoir le droit d&#8217;acc\u00e9der \u00e0 vos donn\u00e9es personnelles, de les rectifier ou de les effacer, de recevoir une copie de vos donn\u00e9es personnelles, de restreindre ou de vous opposer au traitement actif de vos donn\u00e9es, de nous demander de partager (porter) vos informations personnelles \u00e0 une autre entit\u00e9, de retirer tout consentement que vous nous avez fourni pour traiter vos donn\u00e9es, le droit de d\u00e9poser une plainte aupr\u00e8s d&#8217;une autorit\u00e9 comp\u00e9tente, et d&#8217;autres droits pertinents en vertu des lois applicables. Pour exercer ces droits, vous pouvez nous \u00e9crire \u00e0 <a>contact@amaury-guerin.fr<\/a>. <br><br>Nous r\u00e9pondrons \u00e0 votre demande conform\u00e9ment \u00e0 la loi applicable. Notez que si vous ne nous permettez pas de collecter ou de traiter les informations personnelles requises, ou si vous retirez le consentement pour traiter ces informations aux fins requises, vous pourriez ne pas \u00eatre en mesure d&#8217;acc\u00e9der ou d&#8217;utiliser les services pour lesquels vos informations ont \u00e9t\u00e9 demand\u00e9es.<\/p>\n\n\n\n<h2 class=\"wp-block-heading\">Cookies, etc. <\/h2>\n\n\n\n<p>Pour en savoir plus sur la mani\u00e8re dont nous utilisons ces technologies de suivi et sur vos choix \u00e0 cet \u00e9gard, veuillez vous r\u00e9f\u00e9rer \u00e0 notre Politique en mati\u00e8re de cookies.<\/p>\n\n\n\n<h2 class=\"wp-block-heading\">Securite<\/h2>\n\n\n\n<p>La s\u00e9curit\u00e9 de vos informations est importante pour nous, et nous utiliserons des mesures de s\u00e9curit\u00e9 raisonnables pour pr\u00e9venir la perte, l&#8217;utilisation abusive ou la modification non autoris\u00e9e de vos informations sous notre contr\u00f4le. Cependant, \u00e9tant donn\u00e9 les risques inh\u00e9rents, nous ne pouvons garantir une s\u00e9curit\u00e9 absolue et, par cons\u00e9quent, nous ne pouvons assurer ou garantir la s\u00e9curit\u00e9 de toute information que vous nous transmettez, et vous le faites \u00e0 vos propres risques.<\/p>\n\n\n\n<h2 class=\"wp-block-heading\">REclamation \/ Delegue a la protection des donnees<\/h2>\n\n\n\n<p>Si vous avez des questions ou des pr\u00e9occupations concernant le traitement de vos informations disponibles chez nous, vous pouvez envoyer un courriel \u00e0 notre D\u00e9l\u00e9gu\u00e9 \u00e0 la protection des donn\u00e9es \u00e0 Missions Citoyennes Oc\u00e9anes, 4 impasse du Sextant, email : <a>contact@amaury-guerin.fr<\/a>. <br><br>Nous traiterons vos pr\u00e9occupations conform\u00e9ment \u00e0 la loi applicable.<\/p>\n","protected":false},"excerpt":{"rendered":"<p>Politique de confidentialite Cette politique de cookies a \u00e9t\u00e9 mise \u00e0 jour pour la derni\u00e8re fois le 7 avril 2025 [&hellip;]<\/p>\n","protected":false},"author":1,"featured_media":0,"parent":0,"menu_order":0,"comment_status":"closed","ping_status":"closed","template":"","meta":{"_uag_custom_page_level_css":"","site-sidebar-layout":"default","site-content-layout":"","ast-site-content-layout":"","site-content-style":"default","site-sidebar-style":"default","ast-global-header-display":"","ast-banner-title-visibility":"","ast-main-header-display":"","ast-hfb-above-header-display":"","ast-hfb-below-header-display":"","ast-hfb-mobile-header-display":"","site-post-title":"disabled","ast-breadcrumbs-content":"","ast-featured-img":"","footer-sml-layout":"","theme-transparent-header-meta":"","adv-header-id-meta":"","stick-header-meta":"","header-above-stick-meta":"","header-main-stick-meta":"","header-below-stick-meta":"","astra-migrate-meta-layouts":"default","ast-page-background-enabled":"default","ast-page-background-meta":{"desktop":{"background-color":"var(--ast-global-color-5)","background-image":"","background-repeat":"repeat","background-position":"center center","background-size":"auto","background-attachment":"scroll","background-type":"","background-media":"","overlay-type":"","overlay-color":"","overlay-opacity":"","overlay-gradient":""},"tablet":{"background-color":"","background-image":"","background-repeat":"repeat","background-position":"center center","background-size":"auto","background-attachment":"scroll","background-type":"","background-media":"","overlay-type":"","overlay-color":"","overlay-opacity":"","overlay-gradient":""},"mobile":{"background-color":"","background-image":"","background-repeat":"repeat","background-position":"center center","background-size":"auto","background-attachment":"scroll","background-type":"","background-media":"","overlay-type":"","overlay-color":"","overlay-opacity":"","overlay-gradient":""}},"ast-content-background-meta":{"desktop":{"background-color":"var(--ast-global-color-4)","background-image":"","background-repeat":"repeat","background-position":"center center","background-size":"auto","background-attachment":"scroll","background-type":"","background-media":"","overlay-type":"","overlay-color":"","overlay-opacity":"","overlay-gradient":""},"tablet":{"background-color":"var(--ast-global-color-4)","background-image":"","background-repeat":"repeat","background-position":"center center","background-size":"auto","background-attachment":"scroll","background-type":"","background-media":"","overlay-type":"","overlay-color":"","overlay-opacity":"","overlay-gradient":""},"mobile":{"background-color":"var(--ast-global-color-4)","background-image":"","background-repeat":"repeat","background-position":"center center","background-size":"auto","background-attachment":"scroll","background-type":"","background-media":"","overlay-type":"","overlay-color":"","overlay-opacity":"","overlay-gradient":""}},"footnotes":""},"class_list":["post-3","page","type-page","status-publish","hentry"],"yoast_head":"<!-- This site is optimized with the Yoast SEO plugin v27.4 - https:\/\/yoast.com\/product\/yoast-seo-wordpress\/ -->\n<title>Politique de confidentialit\u00e9 - Festival du Plancton<\/title>\n<meta name=\"robots\" content=\"index, follow, max-snippet:-1, max-image-preview:large, max-video-preview:-1\" \/>\n<link rel=\"canonical\" href=\"https:\/\/festivalduplancton.fr\/index.php\/politique-de-confidentialite\/\" \/>\n<meta property=\"og:locale\" content=\"en_US\" \/>\n<meta property=\"og:type\" content=\"article\" \/>\n<meta property=\"og:title\" content=\"Politique de confidentialit\u00e9 - Festival du Plancton\" \/>\n<meta property=\"og:description\" content=\"Politique de confidentialite Cette politique de cookies a \u00e9t\u00e9 mise \u00e0 jour pour la derni\u00e8re fois le 7 avril 2025 [&hellip;]\" \/>\n<meta property=\"og:url\" content=\"https:\/\/festivalduplancton.fr\/index.php\/politique-de-confidentialite\/\" \/>\n<meta property=\"og:site_name\" content=\"Festival du Plancton\" \/>\n<meta property=\"article:modified_time\" content=\"2025-04-07T18:59:32+00:00\" \/>\n<meta name=\"twitter:card\" content=\"summary_large_image\" \/>\n<meta name=\"twitter:label1\" content=\"Est. reading time\" \/>\n\t<meta name=\"twitter:data1\" content=\"3 minutes\" \/>\n<script type=\"application\/ld+json\" class=\"yoast-schema-graph\">{\"@context\":\"https:\\\/\\\/schema.org\",\"@graph\":[{\"@type\":\"WebPage\",\"@id\":\"https:\\\/\\\/festivalduplancton.fr\\\/index.php\\\/politique-de-confidentialite\\\/\",\"url\":\"https:\\\/\\\/festivalduplancton.fr\\\/index.php\\\/politique-de-confidentialite\\\/\",\"name\":\"Politique de confidentialit\u00e9 - Festival du Plancton\",\"isPartOf\":{\"@id\":\"https:\\\/\\\/festivalduplancton.fr\\\/#website\"},\"datePublished\":\"2025-02-09T17:52:48+00:00\",\"dateModified\":\"2025-04-07T18:59:32+00:00\",\"breadcrumb\":{\"@id\":\"https:\\\/\\\/festivalduplancton.fr\\\/index.php\\\/politique-de-confidentialite\\\/#breadcrumb\"},\"inLanguage\":\"en-US\",\"potentialAction\":[{\"@type\":\"ReadAction\",\"target\":[\"https:\\\/\\\/festivalduplancton.fr\\\/index.php\\\/politique-de-confidentialite\\\/\"]}]},{\"@type\":\"BreadcrumbList\",\"@id\":\"https:\\\/\\\/festivalduplancton.fr\\\/index.php\\\/politique-de-confidentialite\\\/#breadcrumb\",\"itemListElement\":[{\"@type\":\"ListItem\",\"position\":1,\"name\":\"Accueil\",\"item\":\"https:\\\/\\\/festivalduplancton.fr\\\/\"},{\"@type\":\"ListItem\",\"position\":2,\"name\":\"Politique de confidentialit\u00e9\"}]},{\"@type\":\"WebSite\",\"@id\":\"https:\\\/\\\/festivalduplancton.fr\\\/#website\",\"url\":\"https:\\\/\\\/festivalduplancton.fr\\\/\",\"name\":\"Festival du Plancton\",\"description\":\"\",\"publisher\":{\"@id\":\"https:\\\/\\\/festivalduplancton.fr\\\/#organization\"},\"potentialAction\":[{\"@type\":\"SearchAction\",\"target\":{\"@type\":\"EntryPoint\",\"urlTemplate\":\"https:\\\/\\\/festivalduplancton.fr\\\/?s={search_term_string}\"},\"query-input\":{\"@type\":\"PropertyValueSpecification\",\"valueRequired\":true,\"valueName\":\"search_term_string\"}}],\"inLanguage\":\"en-US\"},{\"@type\":\"Organization\",\"@id\":\"https:\\\/\\\/festivalduplancton.fr\\\/#organization\",\"name\":\"Festival du Plancton\",\"url\":\"https:\\\/\\\/festivalduplancton.fr\\\/\",\"logo\":{\"@type\":\"ImageObject\",\"inLanguage\":\"en-US\",\"@id\":\"https:\\\/\\\/festivalduplancton.fr\\\/#\\\/schema\\\/logo\\\/image\\\/\",\"url\":\"https:\\\/\\\/festivalduplancton.fr\\\/wp-content\\\/uploads\\\/2025\\\/03\\\/cropped-LOGO-SANSFONDcouleurs-scaled.png\",\"contentUrl\":\"https:\\\/\\\/festivalduplancton.fr\\\/wp-content\\\/uploads\\\/2025\\\/03\\\/cropped-LOGO-SANSFONDcouleurs-scaled.png\",\"width\":2560,\"height\":1169,\"caption\":\"Festival du Plancton\"},\"image\":{\"@id\":\"https:\\\/\\\/festivalduplancton.fr\\\/#\\\/schema\\\/logo\\\/image\\\/\"}}]}<\/script>\n<!-- \/ Yoast SEO plugin. -->","yoast_head_json":{"title":"Politique de confidentialit\u00e9 - Festival du Plancton","robots":{"index":"index","follow":"follow","max-snippet":"max-snippet:-1","max-image-preview":"max-image-preview:large","max-video-preview":"max-video-preview:-1"},"canonical":"https:\/\/festivalduplancton.fr\/index.php\/politique-de-confidentialite\/","og_locale":"en_US","og_type":"article","og_title":"Politique de confidentialit\u00e9 - Festival du Plancton","og_description":"Politique de confidentialite Cette politique de cookies a \u00e9t\u00e9 mise \u00e0 jour pour la derni\u00e8re fois le 7 avril 2025 [&hellip;]","og_url":"https:\/\/festivalduplancton.fr\/index.php\/politique-de-confidentialite\/","og_site_name":"Festival du Plancton","article_modified_time":"2025-04-07T18:59:32+00:00","twitter_card":"summary_large_image","twitter_misc":{"Est. reading time":"3 minutes"},"schema":{"@context":"https:\/\/schema.org","@graph":[{"@type":"WebPage","@id":"https:\/\/festivalduplancton.fr\/index.php\/politique-de-confidentialite\/","url":"https:\/\/festivalduplancton.fr\/index.php\/politique-de-confidentialite\/","name":"Politique de confidentialit\u00e9 - Festival du Plancton","isPartOf":{"@id":"https:\/\/festivalduplancton.fr\/#website"},"datePublished":"2025-02-09T17:52:48+00:00","dateModified":"2025-04-07T18:59:32+00:00","breadcrumb":{"@id":"https:\/\/festivalduplancton.fr\/index.php\/politique-de-confidentialite\/#breadcrumb"},"inLanguage":"en-US","potentialAction":[{"@type":"ReadAction","target":["https:\/\/festivalduplancton.fr\/index.php\/politique-de-confidentialite\/"]}]},{"@type":"BreadcrumbList","@id":"https:\/\/festivalduplancton.fr\/index.php\/politique-de-confidentialite\/#breadcrumb","itemListElement":[{"@type":"ListItem","position":1,"name":"Accueil","item":"https:\/\/festivalduplancton.fr\/"},{"@type":"ListItem","position":2,"name":"Politique de confidentialit\u00e9"}]},{"@type":"WebSite","@id":"https:\/\/festivalduplancton.fr\/#website","url":"https:\/\/festivalduplancton.fr\/","name":"Festival du Plancton","description":"","publisher":{"@id":"https:\/\/festivalduplancton.fr\/#organization"},"potentialAction":[{"@type":"SearchAction","target":{"@type":"EntryPoint","urlTemplate":"https:\/\/festivalduplancton.fr\/?s={search_term_string}"},"query-input":{"@type":"PropertyValueSpecification","valueRequired":true,"valueName":"search_term_string"}}],"inLanguage":"en-US"},{"@type":"Organization","@id":"https:\/\/festivalduplancton.fr\/#organization","name":"Festival du Plancton","url":"https:\/\/festivalduplancton.fr\/","logo":{"@type":"ImageObject","inLanguage":"en-US","@id":"https:\/\/festivalduplancton.fr\/#\/schema\/logo\/image\/","url":"https:\/\/festivalduplancton.fr\/wp-content\/uploads\/2025\/03\/cropped-LOGO-SANSFONDcouleurs-scaled.png","contentUrl":"https:\/\/festivalduplancton.fr\/wp-content\/uploads\/2025\/03\/cropped-LOGO-SANSFONDcouleurs-scaled.png","width":2560,"height":1169,"caption":"Festival du Plancton"},"image":{"@id":"https:\/\/festivalduplancton.fr\/#\/schema\/logo\/image\/"}}]}},"uagb_featured_image_src":{"full":false,"thumbnail":false,"medium":false,"medium_large":false,"large":false,"1536x1536":false,"2048x2048":false},"uagb_author_info":{"display_name":"admin1561","author_link":"https:\/\/festivalduplancton.fr\/index.php\/author\/admin1561\/"},"uagb_comment_info":0,"uagb_excerpt":"Politique de confidentialite Cette politique de cookies a \u00e9t\u00e9 mise \u00e0 jour pour la derni\u00e8re fois le 7 avril 2025 [&hellip;]","_links":{"self":[{"href":"https:\/\/festivalduplancton.fr\/index.php\/wp-json\/wp\/v2\/pages\/3","targetHints":{"allow":["GET"]}}],"collection":[{"href":"https:\/\/festivalduplancton.fr\/index.php\/wp-json\/wp\/v2\/pages"}],"about":[{"href":"https:\/\/festivalduplancton.fr\/index.php\/wp-json\/wp\/v2\/types\/page"}],"author":[{"embeddable":true,"href":"https:\/\/festivalduplancton.fr\/index.php\/wp-json\/wp\/v2\/users\/1"}],"replies":[{"embeddable":true,"href":"https:\/\/festivalduplancton.fr\/index.php\/wp-json\/wp\/v2\/comments?post=3"}],"version-history":[{"count":4,"href":"https:\/\/festivalduplancton.fr\/index.php\/wp-json\/wp\/v2\/pages\/3\/revisions"}],"predecessor-version":[{"id":815,"href":"https:\/\/festivalduplancton.fr\/index.php\/wp-json\/wp\/v2\/pages\/3\/revisions\/815"}],"wp:attachment":[{"href":"https:\/\/festivalduplancton.fr\/index.php\/wp-json\/wp\/v2\/media?parent=3"}],"curies":[{"name":"wp","href":"https:\/\/api.w.org\/{rel}","templated":true}]}}